{"id":5315,"date":"2019-03-19T19:33:18","date_gmt":"2019-03-19T17:33:18","guid":{"rendered":"http:\/\/magokoro.wpengine.com\/shop\/sjogras\/"},"modified":"2019-03-19T19:33:18","modified_gmt":"2019-03-19T17:33:18","slug":"sjogras","status":"publish","type":"product","link":"https:\/\/www.magokoro.fi\/sv\/produkt\/gunkan-sushi-sv\/sjogras\/","title":{"rendered":"Sj\u00f6gr\u00e4s"},"content":{"rendered":"","protected":false},"excerpt":{"rendered":"<p>Sj\u00f6gr\u00e4s &amp; sesamfr\u00f6<\/p>\n","protected":false},"featured_media":5313,"template":"","meta":[],"product_brand":[],"product_cat":[178],"product_tag":[],"class_list":{"0":"post-5315","1":"product","2":"type-product","3":"status-publish","4":"has-post-thumbnail","6":"product_cat-gunkan-sushi-sv","8":"first","9":"instock","10":"taxable","11":"shipping-taxable","12":"purchasable","13":"product-type-simple"},"yoast_head":"<!-- This site is optimized with the Yoast SEO plugin v27.3 - https:\/\/yoast.com\/product\/yoast-seo-wordpress\/ -->\n<title>Sj\u00f6gr\u00e4s - Magokoro<\/title>\n<meta name=\"robots\" content=\"index, follow, max-snippet:-1, max-image-preview:large, max-video-preview:-1\" \/>\n<link rel=\"canonical\" href=\"https:\/\/www.magokoro.fi\/sv\/produkt\/gunkan-sushi-sv\/sjogras\/\" \/>\n<meta property=\"og:locale\" content=\"sv_SE\" \/>\n<meta property=\"og:type\" content=\"article\" \/>\n<meta property=\"og:title\" content=\"Sj\u00f6gr\u00e4s - Magokoro\" \/>\n<meta property=\"og:description\" content=\"Sj\u00f6gr\u00e4s &amp; sesamfr\u00f6\" \/>\n<meta property=\"og:url\" content=\"https:\/\/www.magokoro.fi\/sv\/produkt\/gunkan-sushi-sv\/sjogras\/\" \/>\n<meta property=\"og:site_name\" content=\"Magokoro\" \/>\n<meta property=\"article:publisher\" content=\"https:\/\/www.facebook.com\/MagokoroVaasa\/\" \/>\n<meta property=\"og:image\" content=\"https:\/\/i2.wp.com\/www.magokoro.fi\/wp-content\/uploads\/2019\/03\/IMG_6439.jpg?fit=640%2C427&ssl=1\" \/>\n\t<meta property=\"og:image:width\" content=\"640\" \/>\n\t<meta property=\"og:image:height\" content=\"427\" \/>\n\t<meta property=\"og:image:type\" content=\"image\/jpeg\" \/>\n<meta name=\"twitter:card\" content=\"summary_large_image\" \/>\n<script type=\"application\/ld+json\" class=\"yoast-schema-graph\">{\"@context\":\"https:\\\/\\\/schema.org\",\"@graph\":[{\"@type\":\"WebPage\",\"@id\":\"https:\\\/\\\/www.magokoro.fi\\\/sv\\\/produkt\\\/gunkan-sushi-sv\\\/sjogras\\\/\",\"url\":\"https:\\\/\\\/www.magokoro.fi\\\/sv\\\/produkt\\\/gunkan-sushi-sv\\\/sjogras\\\/\",\"name\":\"Sj\u00f6gr\u00e4s - Magokoro\",\"isPartOf\":{\"@id\":\"https:\\\/\\\/www.magokoro.fi\\\/sv\\\/#website\"},\"primaryImageOfPage\":{\"@id\":\"https:\\\/\\\/www.magokoro.fi\\\/sv\\\/produkt\\\/gunkan-sushi-sv\\\/sjogras\\\/#primaryimage\"},\"image\":{\"@id\":\"https:\\\/\\\/www.magokoro.fi\\\/sv\\\/produkt\\\/gunkan-sushi-sv\\\/sjogras\\\/#primaryimage\"},\"thumbnailUrl\":\"https:\\\/\\\/i0.wp.com\\\/www.magokoro.fi\\\/wp-content\\\/uploads\\\/2019\\\/03\\\/IMG_6439.jpg?fit=640%2C427&ssl=1\",\"datePublished\":\"2019-03-19T17:33:18+00:00\",\"breadcrumb\":{\"@id\":\"https:\\\/\\\/www.magokoro.fi\\\/sv\\\/produkt\\\/gunkan-sushi-sv\\\/sjogras\\\/#breadcrumb\"},\"inLanguage\":\"sv-SE\",\"potentialAction\":[{\"@type\":\"ReadAction\",\"target\":[\"https:\\\/\\\/www.magokoro.fi\\\/sv\\\/produkt\\\/gunkan-sushi-sv\\\/sjogras\\\/\"]}]},{\"@type\":\"ImageObject\",\"inLanguage\":\"sv-SE\",\"@id\":\"https:\\\/\\\/www.magokoro.fi\\\/sv\\\/produkt\\\/gunkan-sushi-sv\\\/sjogras\\\/#primaryimage\",\"url\":\"https:\\\/\\\/i0.wp.com\\\/www.magokoro.fi\\\/wp-content\\\/uploads\\\/2019\\\/03\\\/IMG_6439.jpg?fit=640%2C427&ssl=1\",\"contentUrl\":\"https:\\\/\\\/i0.wp.com\\\/www.magokoro.fi\\\/wp-content\\\/uploads\\\/2019\\\/03\\\/IMG_6439.jpg?fit=640%2C427&ssl=1\",\"width\":640,\"height\":427},{\"@type\":\"BreadcrumbList\",\"@id\":\"https:\\\/\\\/www.magokoro.fi\\\/sv\\\/produkt\\\/gunkan-sushi-sv\\\/sjogras\\\/#breadcrumb\",\"itemListElement\":[{\"@type\":\"ListItem\",\"position\":1,\"name\":\"Home\",\"item\":\"https:\\\/\\\/www.magokoro.fi\\\/sv\\\/\"},{\"@type\":\"ListItem\",\"position\":2,\"name\":\"Produkt\",\"item\":\"https:\\\/\\\/www.magokoro.fi\\\/sv\\\/produkt\\\/\"},{\"@type\":\"ListItem\",\"position\":3,\"name\":\"Sj\u00f6gr\u00e4s\"}]},{\"@type\":\"WebSite\",\"@id\":\"https:\\\/\\\/www.magokoro.fi\\\/sv\\\/#website\",\"url\":\"https:\\\/\\\/www.magokoro.fi\\\/sv\\\/\",\"name\":\"Magokoro\",\"description\":\"Japanilainen Ravintola\",\"publisher\":{\"@id\":\"https:\\\/\\\/www.magokoro.fi\\\/sv\\\/#organization\"},\"potentialAction\":[{\"@type\":\"SearchAction\",\"target\":{\"@type\":\"EntryPoint\",\"urlTemplate\":\"https:\\\/\\\/www.magokoro.fi\\\/sv\\\/?s={search_term_string}\"},\"query-input\":{\"@type\":\"PropertyValueSpecification\",\"valueRequired\":true,\"valueName\":\"search_term_string\"}}],\"inLanguage\":\"sv-SE\"},{\"@type\":\"Organization\",\"@id\":\"https:\\\/\\\/www.magokoro.fi\\\/sv\\\/#organization\",\"name\":\"Magokoro\",\"url\":\"https:\\\/\\\/www.magokoro.fi\\\/sv\\\/\",\"logo\":{\"@type\":\"ImageObject\",\"inLanguage\":\"sv-SE\",\"@id\":\"https:\\\/\\\/www.magokoro.fi\\\/sv\\\/#\\\/schema\\\/logo\\\/image\\\/\",\"url\":\"https:\\\/\\\/i2.wp.com\\\/www.magokoro.fi\\\/wp-content\\\/uploads\\\/2019\\\/04\\\/Magokoro_logo_height_88px_black_new.png?fit=471%2C88&ssl=1\",\"contentUrl\":\"https:\\\/\\\/i2.wp.com\\\/www.magokoro.fi\\\/wp-content\\\/uploads\\\/2019\\\/04\\\/Magokoro_logo_height_88px_black_new.png?fit=471%2C88&ssl=1\",\"width\":471,\"height\":88,\"caption\":\"Magokoro\"},\"image\":{\"@id\":\"https:\\\/\\\/www.magokoro.fi\\\/sv\\\/#\\\/schema\\\/logo\\\/image\\\/\"},\"sameAs\":[\"https:\\\/\\\/www.facebook.com\\\/MagokoroVaasa\\\/\",\"https:\\\/\\\/www.instagram.com\\\/magokorovaasa\\\/\"]}]}<\/script>\n<!-- \/ Yoast SEO plugin. -->","yoast_head_json":{"title":"Sj\u00f6gr\u00e4s - Magokoro","robots":{"index":"index","follow":"follow","max-snippet":"max-snippet:-1","max-image-preview":"max-image-preview:large","max-video-preview":"max-video-preview:-1"},"canonical":"https:\/\/www.magokoro.fi\/sv\/produkt\/gunkan-sushi-sv\/sjogras\/","og_locale":"sv_SE","og_type":"article","og_title":"Sj\u00f6gr\u00e4s - Magokoro","og_description":"Sj\u00f6gr\u00e4s &amp; sesamfr\u00f6","og_url":"https:\/\/www.magokoro.fi\/sv\/produkt\/gunkan-sushi-sv\/sjogras\/","og_site_name":"Magokoro","article_publisher":"https:\/\/www.facebook.com\/MagokoroVaasa\/","og_image":[{"width":640,"height":427,"url":"https:\/\/i2.wp.com\/www.magokoro.fi\/wp-content\/uploads\/2019\/03\/IMG_6439.jpg?fit=640%2C427&ssl=1","type":"image\/jpeg"}],"twitter_card":"summary_large_image","schema":{"@context":"https:\/\/schema.org","@graph":[{"@type":"WebPage","@id":"https:\/\/www.magokoro.fi\/sv\/produkt\/gunkan-sushi-sv\/sjogras\/","url":"https:\/\/www.magokoro.fi\/sv\/produkt\/gunkan-sushi-sv\/sjogras\/","name":"Sj\u00f6gr\u00e4s - Magokoro","isPartOf":{"@id":"https:\/\/www.magokoro.fi\/sv\/#website"},"primaryImageOfPage":{"@id":"https:\/\/www.magokoro.fi\/sv\/produkt\/gunkan-sushi-sv\/sjogras\/#primaryimage"},"image":{"@id":"https:\/\/www.magokoro.fi\/sv\/produkt\/gunkan-sushi-sv\/sjogras\/#primaryimage"},"thumbnailUrl":"https:\/\/i0.wp.com\/www.magokoro.fi\/wp-content\/uploads\/2019\/03\/IMG_6439.jpg?fit=640%2C427&ssl=1","datePublished":"2019-03-19T17:33:18+00:00","breadcrumb":{"@id":"https:\/\/www.magokoro.fi\/sv\/produkt\/gunkan-sushi-sv\/sjogras\/#breadcrumb"},"inLanguage":"sv-SE","potentialAction":[{"@type":"ReadAction","target":["https:\/\/www.magokoro.fi\/sv\/produkt\/gunkan-sushi-sv\/sjogras\/"]}]},{"@type":"ImageObject","inLanguage":"sv-SE","@id":"https:\/\/www.magokoro.fi\/sv\/produkt\/gunkan-sushi-sv\/sjogras\/#primaryimage","url":"https:\/\/i0.wp.com\/www.magokoro.fi\/wp-content\/uploads\/2019\/03\/IMG_6439.jpg?fit=640%2C427&ssl=1","contentUrl":"https:\/\/i0.wp.com\/www.magokoro.fi\/wp-content\/uploads\/2019\/03\/IMG_6439.jpg?fit=640%2C427&ssl=1","width":640,"height":427},{"@type":"BreadcrumbList","@id":"https:\/\/www.magokoro.fi\/sv\/produkt\/gunkan-sushi-sv\/sjogras\/#breadcrumb","itemListElement":[{"@type":"ListItem","position":1,"name":"Home","item":"https:\/\/www.magokoro.fi\/sv\/"},{"@type":"ListItem","position":2,"name":"Produkt","item":"https:\/\/www.magokoro.fi\/sv\/produkt\/"},{"@type":"ListItem","position":3,"name":"Sj\u00f6gr\u00e4s"}]},{"@type":"WebSite","@id":"https:\/\/www.magokoro.fi\/sv\/#website","url":"https:\/\/www.magokoro.fi\/sv\/","name":"Magokoro","description":"Japanilainen Ravintola","publisher":{"@id":"https:\/\/www.magokoro.fi\/sv\/#organization"},"potentialAction":[{"@type":"SearchAction","target":{"@type":"EntryPoint","urlTemplate":"https:\/\/www.magokoro.fi\/sv\/?s={search_term_string}"},"query-input":{"@type":"PropertyValueSpecification","valueRequired":true,"valueName":"search_term_string"}}],"inLanguage":"sv-SE"},{"@type":"Organization","@id":"https:\/\/www.magokoro.fi\/sv\/#organization","name":"Magokoro","url":"https:\/\/www.magokoro.fi\/sv\/","logo":{"@type":"ImageObject","inLanguage":"sv-SE","@id":"https:\/\/www.magokoro.fi\/sv\/#\/schema\/logo\/image\/","url":"https:\/\/i2.wp.com\/www.magokoro.fi\/wp-content\/uploads\/2019\/04\/Magokoro_logo_height_88px_black_new.png?fit=471%2C88&ssl=1","contentUrl":"https:\/\/i2.wp.com\/www.magokoro.fi\/wp-content\/uploads\/2019\/04\/Magokoro_logo_height_88px_black_new.png?fit=471%2C88&ssl=1","width":471,"height":88,"caption":"Magokoro"},"image":{"@id":"https:\/\/www.magokoro.fi\/sv\/#\/schema\/logo\/image\/"},"sameAs":["https:\/\/www.facebook.com\/MagokoroVaasa\/","https:\/\/www.instagram.com\/magokorovaasa\/"]}]}},"jetpack_sharing_enabled":true,"publishpress_future_action":{"enabled":false,"date":"2026-04-11 13:42:23","action":"change-status","newStatus":"draft","terms":[],"taxonomy":"product_brand","extraData":[]},"publishpress_future_workflow_manual_trigger":{"enabledWorkflows":[]},"_links":{"self":[{"href":"https:\/\/www.magokoro.fi\/sv\/wp-json\/wp\/v2\/product\/5315","targetHints":{"allow":["GET"]}}],"collection":[{"href":"https:\/\/www.magokoro.fi\/sv\/wp-json\/wp\/v2\/product"}],"about":[{"href":"https:\/\/www.magokoro.fi\/sv\/wp-json\/wp\/v2\/types\/product"}],"wp:featuredmedia":[{"embeddable":true,"href":"https:\/\/www.magokoro.fi\/sv\/wp-json\/wp\/v2\/media\/5313"}],"wp:attachment":[{"href":"https:\/\/www.magokoro.fi\/sv\/wp-json\/wp\/v2\/media?parent=5315"}],"wp:term":[{"taxonomy":"product_brand","embeddable":true,"href":"https:\/\/www.magokoro.fi\/sv\/wp-json\/wp\/v2\/product_brand?post=5315"},{"taxonomy":"product_cat","embeddable":true,"href":"https:\/\/www.magokoro.fi\/sv\/wp-json\/wp\/v2\/product_cat?post=5315"},{"taxonomy":"product_tag","embeddable":true,"href":"https:\/\/www.magokoro.fi\/sv\/wp-json\/wp\/v2\/product_tag?post=5315"}],"curies":[{"name":"wp","href":"https:\/\/api.w.org\/{rel}","templated":true}]}}