{"id":17929,"date":"2022-02-03T00:06:52","date_gmt":"2022-02-02T22:06:52","guid":{"rendered":"https:\/\/www.magokoro.fi\/product\/okategoriserad\/aburi\/"},"modified":"2022-02-03T00:06:52","modified_gmt":"2022-02-02T22:06:52","slug":"aburi","status":"publish","type":"product","link":"https:\/\/www.magokoro.fi\/sv\/produkt\/maki-sushi-8-sv\/aburi\/","title":{"rendered":"Aburi"},"content":{"rendered":"","protected":false},"excerpt":{"rendered":"<p>Friterade j\u00e4tter\u00e4kor, L\u00e4ttgrillad lax, Gurka, \u00c5ls\u00e5s, V\u00e5rl\u00f6k, Sesamfr\u00f6n<\/p>\n","protected":false},"featured_media":17932,"template":"","meta":[],"product_brand":[],"product_cat":[170],"product_tag":[],"class_list":{"0":"post-17929","1":"product","2":"type-product","3":"status-publish","4":"has-post-thumbnail","6":"product_cat-maki-sushi-8-sv","8":"first","9":"instock","10":"taxable","11":"shipping-taxable","12":"purchasable","13":"product-type-simple"},"yoast_head":"<!-- This site is optimized with the Yoast SEO plugin v27.4 - https:\/\/yoast.com\/product\/yoast-seo-wordpress\/ -->\n<title>Aburi - Magokoro<\/title>\n<meta name=\"robots\" content=\"index, follow, max-snippet:-1, max-image-preview:large, max-video-preview:-1\" \/>\n<link rel=\"canonical\" href=\"https:\/\/www.magokoro.fi\/sv\/produkt\/maki-sushi-8-sv\/aburi\/\" \/>\n<meta property=\"og:locale\" content=\"sv_SE\" \/>\n<meta property=\"og:type\" content=\"article\" \/>\n<meta property=\"og:title\" content=\"Aburi - Magokoro\" \/>\n<meta property=\"og:description\" content=\"Friterade j\u00e4tter\u00e4kor, L\u00e4ttgrillad lax, Gurka, \u00c5ls\u00e5s, V\u00e5rl\u00f6k, Sesamfr\u00f6n\" \/>\n<meta property=\"og:url\" content=\"https:\/\/www.magokoro.fi\/sv\/produkt\/maki-sushi-8-sv\/aburi\/\" \/>\n<meta property=\"og:site_name\" content=\"Magokoro\" \/>\n<meta property=\"article:publisher\" content=\"https:\/\/www.facebook.com\/MagokoroVaasa\/\" \/>\n<meta property=\"og:image\" content=\"https:\/\/www.magokoro.fi\/wp-content\/uploads\/2022\/02\/Aburi-e1643839810553.png\" \/>\n\t<meta property=\"og:image:width\" content=\"2048\" \/>\n\t<meta property=\"og:image:height\" content=\"1365\" \/>\n\t<meta property=\"og:image:type\" content=\"image\/png\" \/>\n<meta name=\"twitter:card\" content=\"summary_large_image\" \/>\n<script type=\"application\/ld+json\" class=\"yoast-schema-graph\">{\"@context\":\"https:\\\/\\\/schema.org\",\"@graph\":[{\"@type\":\"WebPage\",\"@id\":\"https:\\\/\\\/www.magokoro.fi\\\/sv\\\/produkt\\\/maki-sushi-8-sv\\\/aburi\\\/\",\"url\":\"https:\\\/\\\/www.magokoro.fi\\\/sv\\\/produkt\\\/maki-sushi-8-sv\\\/aburi\\\/\",\"name\":\"Aburi - Magokoro\",\"isPartOf\":{\"@id\":\"https:\\\/\\\/www.magokoro.fi\\\/sv\\\/#website\"},\"primaryImageOfPage\":{\"@id\":\"https:\\\/\\\/www.magokoro.fi\\\/sv\\\/produkt\\\/maki-sushi-8-sv\\\/aburi\\\/#primaryimage\"},\"image\":{\"@id\":\"https:\\\/\\\/www.magokoro.fi\\\/sv\\\/produkt\\\/maki-sushi-8-sv\\\/aburi\\\/#primaryimage\"},\"thumbnailUrl\":\"https:\\\/\\\/i0.wp.com\\\/www.magokoro.fi\\\/wp-content\\\/uploads\\\/2022\\\/02\\\/Aburi-e1643839810553.png?fit=2048%2C1365&ssl=1\",\"datePublished\":\"2022-02-02T22:06:52+00:00\",\"breadcrumb\":{\"@id\":\"https:\\\/\\\/www.magokoro.fi\\\/sv\\\/produkt\\\/maki-sushi-8-sv\\\/aburi\\\/#breadcrumb\"},\"inLanguage\":\"sv-SE\",\"potentialAction\":[{\"@type\":\"ReadAction\",\"target\":[\"https:\\\/\\\/www.magokoro.fi\\\/sv\\\/produkt\\\/maki-sushi-8-sv\\\/aburi\\\/\"]}]},{\"@type\":\"ImageObject\",\"inLanguage\":\"sv-SE\",\"@id\":\"https:\\\/\\\/www.magokoro.fi\\\/sv\\\/produkt\\\/maki-sushi-8-sv\\\/aburi\\\/#primaryimage\",\"url\":\"https:\\\/\\\/i0.wp.com\\\/www.magokoro.fi\\\/wp-content\\\/uploads\\\/2022\\\/02\\\/Aburi-e1643839810553.png?fit=2048%2C1365&ssl=1\",\"contentUrl\":\"https:\\\/\\\/i0.wp.com\\\/www.magokoro.fi\\\/wp-content\\\/uploads\\\/2022\\\/02\\\/Aburi-e1643839810553.png?fit=2048%2C1365&ssl=1\",\"width\":2048,\"height\":1365},{\"@type\":\"BreadcrumbList\",\"@id\":\"https:\\\/\\\/www.magokoro.fi\\\/sv\\\/produkt\\\/maki-sushi-8-sv\\\/aburi\\\/#breadcrumb\",\"itemListElement\":[{\"@type\":\"ListItem\",\"position\":1,\"name\":\"Home\",\"item\":\"https:\\\/\\\/www.magokoro.fi\\\/sv\\\/\"},{\"@type\":\"ListItem\",\"position\":2,\"name\":\"Produkt\",\"item\":\"https:\\\/\\\/www.magokoro.fi\\\/sv\\\/produkt\\\/\"},{\"@type\":\"ListItem\",\"position\":3,\"name\":\"Aburi\"}]},{\"@type\":\"WebSite\",\"@id\":\"https:\\\/\\\/www.magokoro.fi\\\/sv\\\/#website\",\"url\":\"https:\\\/\\\/www.magokoro.fi\\\/sv\\\/\",\"name\":\"Magokoro\",\"description\":\"Japanilainen Ravintola\",\"publisher\":{\"@id\":\"https:\\\/\\\/www.magokoro.fi\\\/sv\\\/#organization\"},\"potentialAction\":[{\"@type\":\"SearchAction\",\"target\":{\"@type\":\"EntryPoint\",\"urlTemplate\":\"https:\\\/\\\/www.magokoro.fi\\\/sv\\\/?s={search_term_string}\"},\"query-input\":{\"@type\":\"PropertyValueSpecification\",\"valueRequired\":true,\"valueName\":\"search_term_string\"}}],\"inLanguage\":\"sv-SE\"},{\"@type\":\"Organization\",\"@id\":\"https:\\\/\\\/www.magokoro.fi\\\/sv\\\/#organization\",\"name\":\"Magokoro\",\"url\":\"https:\\\/\\\/www.magokoro.fi\\\/sv\\\/\",\"logo\":{\"@type\":\"ImageObject\",\"inLanguage\":\"sv-SE\",\"@id\":\"https:\\\/\\\/www.magokoro.fi\\\/sv\\\/#\\\/schema\\\/logo\\\/image\\\/\",\"url\":\"https:\\\/\\\/i2.wp.com\\\/www.magokoro.fi\\\/wp-content\\\/uploads\\\/2019\\\/04\\\/Magokoro_logo_height_88px_black_new.png?fit=471%2C88&ssl=1\",\"contentUrl\":\"https:\\\/\\\/i2.wp.com\\\/www.magokoro.fi\\\/wp-content\\\/uploads\\\/2019\\\/04\\\/Magokoro_logo_height_88px_black_new.png?fit=471%2C88&ssl=1\",\"width\":471,\"height\":88,\"caption\":\"Magokoro\"},\"image\":{\"@id\":\"https:\\\/\\\/www.magokoro.fi\\\/sv\\\/#\\\/schema\\\/logo\\\/image\\\/\"},\"sameAs\":[\"https:\\\/\\\/www.facebook.com\\\/MagokoroVaasa\\\/\",\"https:\\\/\\\/www.instagram.com\\\/magokorovaasa\\\/\"]}]}<\/script>\n<!-- \/ Yoast SEO plugin. -->","yoast_head_json":{"title":"Aburi - Magokoro","robots":{"index":"index","follow":"follow","max-snippet":"max-snippet:-1","max-image-preview":"max-image-preview:large","max-video-preview":"max-video-preview:-1"},"canonical":"https:\/\/www.magokoro.fi\/sv\/produkt\/maki-sushi-8-sv\/aburi\/","og_locale":"sv_SE","og_type":"article","og_title":"Aburi - Magokoro","og_description":"Friterade j\u00e4tter\u00e4kor, L\u00e4ttgrillad lax, Gurka, \u00c5ls\u00e5s, V\u00e5rl\u00f6k, Sesamfr\u00f6n","og_url":"https:\/\/www.magokoro.fi\/sv\/produkt\/maki-sushi-8-sv\/aburi\/","og_site_name":"Magokoro","article_publisher":"https:\/\/www.facebook.com\/MagokoroVaasa\/","og_image":[{"width":2048,"height":1365,"url":"https:\/\/www.magokoro.fi\/wp-content\/uploads\/2022\/02\/Aburi-e1643839810553.png","type":"image\/png"}],"twitter_card":"summary_large_image","schema":{"@context":"https:\/\/schema.org","@graph":[{"@type":"WebPage","@id":"https:\/\/www.magokoro.fi\/sv\/produkt\/maki-sushi-8-sv\/aburi\/","url":"https:\/\/www.magokoro.fi\/sv\/produkt\/maki-sushi-8-sv\/aburi\/","name":"Aburi - Magokoro","isPartOf":{"@id":"https:\/\/www.magokoro.fi\/sv\/#website"},"primaryImageOfPage":{"@id":"https:\/\/www.magokoro.fi\/sv\/produkt\/maki-sushi-8-sv\/aburi\/#primaryimage"},"image":{"@id":"https:\/\/www.magokoro.fi\/sv\/produkt\/maki-sushi-8-sv\/aburi\/#primaryimage"},"thumbnailUrl":"https:\/\/i0.wp.com\/www.magokoro.fi\/wp-content\/uploads\/2022\/02\/Aburi-e1643839810553.png?fit=2048%2C1365&ssl=1","datePublished":"2022-02-02T22:06:52+00:00","breadcrumb":{"@id":"https:\/\/www.magokoro.fi\/sv\/produkt\/maki-sushi-8-sv\/aburi\/#breadcrumb"},"inLanguage":"sv-SE","potentialAction":[{"@type":"ReadAction","target":["https:\/\/www.magokoro.fi\/sv\/produkt\/maki-sushi-8-sv\/aburi\/"]}]},{"@type":"ImageObject","inLanguage":"sv-SE","@id":"https:\/\/www.magokoro.fi\/sv\/produkt\/maki-sushi-8-sv\/aburi\/#primaryimage","url":"https:\/\/i0.wp.com\/www.magokoro.fi\/wp-content\/uploads\/2022\/02\/Aburi-e1643839810553.png?fit=2048%2C1365&ssl=1","contentUrl":"https:\/\/i0.wp.com\/www.magokoro.fi\/wp-content\/uploads\/2022\/02\/Aburi-e1643839810553.png?fit=2048%2C1365&ssl=1","width":2048,"height":1365},{"@type":"BreadcrumbList","@id":"https:\/\/www.magokoro.fi\/sv\/produkt\/maki-sushi-8-sv\/aburi\/#breadcrumb","itemListElement":[{"@type":"ListItem","position":1,"name":"Home","item":"https:\/\/www.magokoro.fi\/sv\/"},{"@type":"ListItem","position":2,"name":"Produkt","item":"https:\/\/www.magokoro.fi\/sv\/produkt\/"},{"@type":"ListItem","position":3,"name":"Aburi"}]},{"@type":"WebSite","@id":"https:\/\/www.magokoro.fi\/sv\/#website","url":"https:\/\/www.magokoro.fi\/sv\/","name":"Magokoro","description":"Japanilainen Ravintola","publisher":{"@id":"https:\/\/www.magokoro.fi\/sv\/#organization"},"potentialAction":[{"@type":"SearchAction","target":{"@type":"EntryPoint","urlTemplate":"https:\/\/www.magokoro.fi\/sv\/?s={search_term_string}"},"query-input":{"@type":"PropertyValueSpecification","valueRequired":true,"valueName":"search_term_string"}}],"inLanguage":"sv-SE"},{"@type":"Organization","@id":"https:\/\/www.magokoro.fi\/sv\/#organization","name":"Magokoro","url":"https:\/\/www.magokoro.fi\/sv\/","logo":{"@type":"ImageObject","inLanguage":"sv-SE","@id":"https:\/\/www.magokoro.fi\/sv\/#\/schema\/logo\/image\/","url":"https:\/\/i2.wp.com\/www.magokoro.fi\/wp-content\/uploads\/2019\/04\/Magokoro_logo_height_88px_black_new.png?fit=471%2C88&ssl=1","contentUrl":"https:\/\/i2.wp.com\/www.magokoro.fi\/wp-content\/uploads\/2019\/04\/Magokoro_logo_height_88px_black_new.png?fit=471%2C88&ssl=1","width":471,"height":88,"caption":"Magokoro"},"image":{"@id":"https:\/\/www.magokoro.fi\/sv\/#\/schema\/logo\/image\/"},"sameAs":["https:\/\/www.facebook.com\/MagokoroVaasa\/","https:\/\/www.instagram.com\/magokorovaasa\/"]}]}},"jetpack_sharing_enabled":true,"publishpress_future_action":{"enabled":false,"date":"2026-04-22 04:48:47","action":"change-status","newStatus":"draft","terms":[],"taxonomy":"product_brand","extraData":[]},"publishpress_future_workflow_manual_trigger":{"enabledWorkflows":[]},"_links":{"self":[{"href":"https:\/\/www.magokoro.fi\/sv\/wp-json\/wp\/v2\/product\/17929","targetHints":{"allow":["GET"]}}],"collection":[{"href":"https:\/\/www.magokoro.fi\/sv\/wp-json\/wp\/v2\/product"}],"about":[{"href":"https:\/\/www.magokoro.fi\/sv\/wp-json\/wp\/v2\/types\/product"}],"wp:featuredmedia":[{"embeddable":true,"href":"https:\/\/www.magokoro.fi\/sv\/wp-json\/wp\/v2\/media\/17932"}],"wp:attachment":[{"href":"https:\/\/www.magokoro.fi\/sv\/wp-json\/wp\/v2\/media?parent=17929"}],"wp:term":[{"taxonomy":"product_brand","embeddable":true,"href":"https:\/\/www.magokoro.fi\/sv\/wp-json\/wp\/v2\/product_brand?post=17929"},{"taxonomy":"product_cat","embeddable":true,"href":"https:\/\/www.magokoro.fi\/sv\/wp-json\/wp\/v2\/product_cat?post=17929"},{"taxonomy":"product_tag","embeddable":true,"href":"https:\/\/www.magokoro.fi\/sv\/wp-json\/wp\/v2\/product_tag?post=17929"}],"curies":[{"name":"wp","href":"https:\/\/api.w.org\/{rel}","templated":true}]}}